{"id":13702,"date":"2023-12-11T22:41:54","date_gmt":"2023-12-12T01:41:54","guid":{"rendered":"https:\/\/acsisinc.com\/kundenerfolgsgeschichten\/"},"modified":"2024-06-06T11:41:47","modified_gmt":"2024-06-06T14:41:47","slug":"kundenerfolgsgeschichten","status":"publish","type":"page","link":"https:\/\/acsisinc.com\/de\/kundenerfolgsgeschichten\/","title":{"rendered":"Kundenerfolgsgeschichten"},"content":{"rendered":"\n<div class=\"pure-containerFluid kheadergeneral\">\n    <div class=\"kheadergeneral__single\">\n        <div class=\"kheadergeneral__singleLeft\">\n            <div class=\"kheadergeneral__singleCont\">\n                <div class=\"kheadergeneral__singleLine\"><\/div>\n\n                                    <h2>Kundenerfolgsgeschichten<\/h2>\n                \n                            <\/div>\n        <\/div>\n        <div class=\"kheadergeneral__singleRight\">\n            <div class=\"kheadergeneral__singleRightMask\"><\/div>\n            <img loading=\"lazy\" decoding=\"async\" class=\"kheadergeneral__singleImgDesk\" loading=\"lazy\" width=\"1300\" height=\"336\" src=\"https:\/\/acsisinc.com\/wp-content\/uploads\/2023\/12\/customer-success-stories-page-des.webp\" alt=\"customer success stories\">\n            <img loading=\"lazy\" decoding=\"async\" class=\"kheadergeneral__singleImgMob\" loading=\"lazy\" width=\"600\" height=\"400\" src=\"https:\/\/acsisinc.com\/wp-content\/uploads\/2023\/12\/customer-success-stories-page-mov.webp\" alt=\"customer success stories\">\n        <\/div>\n    <\/div>\n<\/div>\n\n<style>\n\n    .kheadergeneral__singleRightMask{position: absolute; left: -1px; top: -1px; width: calc(100% + 2px); height: calc(100% + 2px);\n        background: url(\"https:\/\/acsisinc.com\/wp-content\/themes\/antares-vision\/assets\/images\/Mask-hero-invertita-2.svg\"); background-repeat: no-repeat;\n        background-size: contain; }\n\n    .kheadergeneral{\/*max-width: 2000px; margin-left: auto; margin-right: auto;*\/}\n    .kheadergeneral__singleLine{height: 2px;width: 50%; background-color: #003865; margin-bottom: 20px;}\n    .kheadergeneral__single{display: flex; align-items: center;}\n    .kheadergeneral__singleLeft{width: 35%;}\n    .kheadergeneral__singleCont{max-width: 400px; margin-left: auto; margin-right: auto;}\n    .kheadergeneral__singleLeft h2{color: #003865; font-weight: 600; font-size: 37px; line-height: 1.1; text-transform: uppercase;}\n    .kheadergeneral__singleLeft a{display: flex;align-items: center;color: #003865;font-size: 15px;font-weight: 600;margin-top: 40px; text-decoration: none;}\n    .kheadergeneral__singleLeft svg{margin-left: 20px; margin-bottom: 2px;}\n    .kheadergeneral__singleLeft svg rect{fill: #003865; }\n    .kheadergeneral__singleRight{width: 65%; position: relative; display: flex; align-items: center;}\n    .kheadergeneral__single img{width: 100%; height: auto;}\n    .kheadergeneral__singleImgMob{display: none;}\n\n    \/* mobile *\/\n    @media screen and (max-width: 767px) {\n        .kheadergeneral__singleImgDesk{display: none;}\n        .kheadergeneral__singleImgMob{display: block;}\n        .kheadergeneral__single{flex-direction: column; margin-top: 30px;}\n        .kheadergeneral__singleLeft{width: calc(100% - 30px); padding-left: 15px; padding-right: 15px;}\n        .kheadergeneral__singleRight{width: 100%; margin-top: 30px;}\n        .kheadergeneral__singleLeft h2{font-size: 24px;}\n        .kheadergeneral__singleLeft a{margin-top: 15px;}\n\n        .kheadergeneral__singleRightMask{position: absolute; top: -1px; width: calc(100%); height: calc(100% + 2px);\n            background: url(\"https:\/\/acsisinc.com\/wp-content\/themes\/antares-vision\/assets\/images\/Mask-hero-invertita-general.svg\"); background-repeat: no-repeat;\n            background-size: contain;\n        }\n    }\n\n    \/* ipad *\/\n    @media screen and (min-width: 768px) and  (max-width: 992px){\n        .kheadergeneral__singleLeft{width: calc(45% - 15px); padding-left: 15px;}\n        .kheadergeneral__singleRight{width: 55%;}\n        .kheadergeneral__singleLeft h2{font-size: 26px;}\n        .kheadergeneral__singleLeft a{margin-top: 10px;}\n        .kheadergeneral__singleLeft h2{margin-bottom: 20px;}\n        .kheadergeneral__singleDesc{display: none;}\n    }\n\n    \/* ipad pro *\/\n    @media screen and (min-width: 992px) and  (max-width: 1200px){\n        .kheadergeneral__singleLeft{width: calc(45% - 15px); padding-left: 15px;}\n        .kheadergeneral__singleRight{width: 55%;}\n        .kheadergeneral__singleLeft h2{font-size: 30px;}\n        .kheadergeneral__singleLeft a{margin-top: 10px;}\n        .kheadergeneral__singleLeft h2{margin-bottom: 0;}\n    }\n\n<\/style>\n\n\n<div class=\"kbreadcrumb\" id=\"k_year\">\n    <div class=\"pure-container\">\n        <div class=\"pure-g\">\n            <div class=\"pure-u-1-1\">\n                <div class=\"breadcrumbs\"><a href=\"https:\/\/acsisinc.com\/de\/\">Home<\/a> | <\/div>            <\/div>\n        <\/div>\n    <\/div>\n<\/div>\n\n<style>\n\n    .kbreadcrumb{max-width: 1330px; margin-right: auto; margin-left: auto; font-size: 14px; color: #222222; padding-top: 15px; padding-bottom: 15px;\n        font-family: 'Exo', sans-serif;}\n    .kbreadcrumb a{color: inherit; text-decoration: none;}\n\n    \/* mobile *\/\n    @media screen and (max-width: 767px) {\n        .kbreadcrumb{padding-right: 15px; padding-left: 15px;}\n    }\n\n    \/* ipad *\/\n    @media screen and (min-width: 768px) and  (max-width: 992px){\n        .kbreadcrumb{padding-right: 15px; padding-left: 15px;}\n    }\n\n    \/* ipad pro *\/\n    @media screen and (min-width: 992px) and  (max-width: 1200px){\n        .kbreadcrumb{padding-right: 15px; padding-left: 15px;}\n    }\n\n<\/style>\n\n\n<div class=\"pure-containerFluid kpublicationall aogpublicationinternal\">\n<div class=\"pure-container\">\n<div class=\"pure-g keventi__row\">\n  \n        \n\n            <div class=\"pure-u-1-1 pure-u-md-1-3 kpublicationall__singleCol\">\n                <a class=\"kpublicationall__singleColImgCont   \" href=\"https:\/\/acsisinc.com\/wp-content\/uploads\/2024\/06\/de-REAPING-THE-FRUITS-OF-PRODUCT-TRACEABILITY.pdf\"   target=\"_blank\"  >\n                    <img loading=\"lazy\" decoding=\"async\" class=\"kpublicationall__singleCover\" loading=\"lazy\" width=\"640\" height=\"384\" src=\"https:\/\/acsisinc.com\/wp-content\/uploads\/2024\/06\/die-fruchte.png\" alt=\"die fr\u00fcchte der acsisproduktr\u00fcckverfolgbarkeit ernten\">\n                    <div class=\"kpublicationall__singleLayer\"><\/div>\n                <\/a>\n                <div class=\"kpublicationall__single\">\n                    <a href=\"https:\/\/acsisinc.com\/wp-content\/uploads\/2024\/06\/de-REAPING-THE-FRUITS-OF-PRODUCT-TRACEABILITY.pdf\"  target=\"_blank\"  >\n\n                        <div class=\"kpublicationall__singleDate kdate\">11 Dezember 2023<\/div>\n                        <h3 class=\"kpublicationall__singleTitle\">Die Fr\u00fcchte Der Acsis-Produktr\u00fcckverfolgbarkeit ernten<\/h3>\n                        <div class=\"kpublicationall__singleRead\">\n                            <div>READ ALL<\/div>\n                            <img loading=\"lazy\" decoding=\"async\" loading=\"lazy\" width=\"15\" height=\"15\" src=\"https:\/\/acsisinc.com\/wp-content\/themes\/antares-vision\/assets\/images\/k-arrow-blu.svg\">\n                        <\/div>\n                    <\/a>\n                <\/div>\n            <\/div>\n        \n\n            <div class=\"pure-u-1-1 pure-u-md-1-3 kpublicationall__singleCol\">\n                <a class=\"kpublicationall__singleColImgCont   \" href=\"https:\/\/acsisinc.com\/wp-content\/uploads\/2024\/06\/de-Step-change-in-efficiency-for-chemical-manufacturer.pdf\"   target=\"_blank\"  >\n                    <img loading=\"lazy\" decoding=\"async\" class=\"kpublicationall__singleCover\" loading=\"lazy\" width=\"640\" height=\"384\" src=\"https:\/\/acsisinc.com\/wp-content\/uploads\/2024\/06\/EFFIZIENZSPRUNG-BEI-EINEM.png\" alt=\"EFFIZIENZSPRUNG BEI EINEM\">\n                    <div class=\"kpublicationall__singleLayer\"><\/div>\n                <\/a>\n                <div class=\"kpublicationall__single\">\n                    <a href=\"https:\/\/acsisinc.com\/wp-content\/uploads\/2024\/06\/de-Step-change-in-efficiency-for-chemical-manufacturer.pdf\"  target=\"_blank\"  >\n\n                        <div class=\"kpublicationall__singleDate kdate\">11 Dezember 2023<\/div>\n                        <h3 class=\"kpublicationall__singleTitle\">Effizienzsprung Bei Einem Chemiehersteller<\/h3>\n                        <div class=\"kpublicationall__singleRead\">\n                            <div>READ ALL<\/div>\n                            <img loading=\"lazy\" decoding=\"async\" loading=\"lazy\" width=\"15\" height=\"15\" src=\"https:\/\/acsisinc.com\/wp-content\/themes\/antares-vision\/assets\/images\/k-arrow-blu.svg\">\n                        <\/div>\n                    <\/a>\n                <\/div>\n            <\/div>\n        \n\n            <div class=\"pure-u-1-1 pure-u-md-1-3 kpublicationall__singleCol\">\n                <a class=\"kpublicationall__singleColImgCont   \" href=\"https:\/\/acsisinc.com\/wp-content\/uploads\/2024\/06\/de-RAMPING-UP-VISIBILITY-FOR-POLYESTER-FILM-MANUFACTURER.pdf\"   target=\"_blank\"  >\n                    <img loading=\"lazy\" decoding=\"async\" class=\"kpublicationall__singleCover\" loading=\"lazy\" width=\"640\" height=\"384\" src=\"https:\/\/acsisinc.com\/wp-content\/uploads\/2024\/06\/klarsicht-schaffen.png\" alt=\"Klarsicht Schaffen f\u00fcr Hersteller von Plyesterfolien\">\n                    <div class=\"kpublicationall__singleLayer\"><\/div>\n                <\/a>\n                <div class=\"kpublicationall__single\">\n                    <a href=\"https:\/\/acsisinc.com\/wp-content\/uploads\/2024\/06\/de-RAMPING-UP-VISIBILITY-FOR-POLYESTER-FILM-MANUFACTURER.pdf\"  target=\"_blank\"  >\n\n                        <div class=\"kpublicationall__singleDate kdate\">11 Dezember 2023<\/div>\n                        <h3 class=\"kpublicationall__singleTitle\">Klarsicht Schaffen f\u00fcr Hersteller von Plyesterfolien<\/h3>\n                        <div class=\"kpublicationall__singleRead\">\n                            <div>READ ALL<\/div>\n                            <img loading=\"lazy\" decoding=\"async\" loading=\"lazy\" width=\"15\" height=\"15\" src=\"https:\/\/acsisinc.com\/wp-content\/themes\/antares-vision\/assets\/images\/k-arrow-blu.svg\">\n                        <\/div>\n                    <\/a>\n                <\/div>\n            <\/div>\n        \n\n            <div class=\"pure-u-1-1 pure-u-md-1-3 kpublicationall__singleCol\">\n                <a class=\"kpublicationall__singleColImgCont   \" href=\"https:\/\/acsisinc.com\/wp-content\/uploads\/2024\/06\/de-PERFECTLY-PRESCRIBED-VISIBILITY-FOR-PHARMA-GIANT.pdf\"   target=\"_blank\"  >\n                    <img loading=\"lazy\" decoding=\"async\" class=\"kpublicationall__singleCover\" loading=\"lazy\" width=\"640\" height=\"384\" src=\"https:\/\/acsisinc.com\/wp-content\/uploads\/2024\/06\/perfekt.png\" alt=\"Perfekt Koordinierte Sichtbarkeit f\u00fcr Pharma-riesen\">\n                    <div class=\"kpublicationall__singleLayer\"><\/div>\n                <\/a>\n                <div class=\"kpublicationall__single\">\n                    <a href=\"https:\/\/acsisinc.com\/wp-content\/uploads\/2024\/06\/de-PERFECTLY-PRESCRIBED-VISIBILITY-FOR-PHARMA-GIANT.pdf\"  target=\"_blank\"  >\n\n                        <div class=\"kpublicationall__singleDate kdate\">11 Dezember 2023<\/div>\n                        <h3 class=\"kpublicationall__singleTitle\">Perfekt Koordinierte Sichtbarkeit f\u00fcr Pharma-riesen<\/h3>\n                        <div class=\"kpublicationall__singleRead\">\n                            <div>READ ALL<\/div>\n                            <img loading=\"lazy\" decoding=\"async\" loading=\"lazy\" width=\"15\" height=\"15\" src=\"https:\/\/acsisinc.com\/wp-content\/themes\/antares-vision\/assets\/images\/k-arrow-blu.svg\">\n                        <\/div>\n                    <\/a>\n                <\/div>\n            <\/div>\n        \n\n            <div class=\"pure-u-1-1 pure-u-md-1-3 kpublicationall__singleCol\">\n                <a class=\"kpublicationall__singleColImgCont   \" href=\"https:\/\/acsisinc.com\/wp-content\/uploads\/2024\/06\/de-BRIDGING-VISIBILITY-GAPS-FOR-PROTECTION-EXPERT-DUPONT-1.pdf\"   target=\"_blank\"  >\n                    <img loading=\"lazy\" decoding=\"async\" class=\"kpublicationall__singleCover\" loading=\"lazy\" width=\"640\" height=\"384\" src=\"https:\/\/acsisinc.com\/wp-content\/uploads\/2024\/06\/sichtbarkeitslucken.png\" alt=\"Sichtbarkeitsl\u00fccken \u00dcberbr\u00fccken f\u00fcr den Schutzexperten Dupont\">\n                    <div class=\"kpublicationall__singleLayer\"><\/div>\n                <\/a>\n                <div class=\"kpublicationall__single\">\n                    <a href=\"https:\/\/acsisinc.com\/wp-content\/uploads\/2024\/06\/de-BRIDGING-VISIBILITY-GAPS-FOR-PROTECTION-EXPERT-DUPONT-1.pdf\"  target=\"_blank\"  >\n\n                        <div class=\"kpublicationall__singleDate kdate\">11 Dezember 2023<\/div>\n                        <h3 class=\"kpublicationall__singleTitle\">Sichtbarkeitsl\u00fccken \u00dcberbr\u00fccken f\u00fcr den Schutzexperten Dupont<\/h3>\n                        <div class=\"kpublicationall__singleRead\">\n                            <div>READ ALL<\/div>\n                            <img loading=\"lazy\" decoding=\"async\" loading=\"lazy\" width=\"15\" height=\"15\" src=\"https:\/\/acsisinc.com\/wp-content\/themes\/antares-vision\/assets\/images\/k-arrow-blu.svg\">\n                        <\/div>\n                    <\/a>\n                <\/div>\n            <\/div>\n        \n\n            <div class=\"pure-u-1-1 pure-u-md-1-3 kpublicationall__singleCol\">\n                <a class=\"kpublicationall__singleColImgCont   \" href=\"https:\/\/acsisinc.com\/wp-content\/uploads\/2024\/06\/de-HITTING-THE-VISIBILITY-SWEET-SPOT.pdf\"   target=\"_blank\"  >\n                    <img loading=\"lazy\" decoding=\"async\" class=\"kpublicationall__singleCover\" loading=\"lazy\" width=\"640\" height=\"384\" src=\"https:\/\/acsisinc.com\/wp-content\/uploads\/2024\/06\/den-sweet-spot.png\" alt=\"Den Sweet Spot f\u00fcr Sichtbarkeit Erreichen\">\n                    <div class=\"kpublicationall__singleLayer\"><\/div>\n                <\/a>\n                <div class=\"kpublicationall__single\">\n                    <a href=\"https:\/\/acsisinc.com\/wp-content\/uploads\/2024\/06\/de-HITTING-THE-VISIBILITY-SWEET-SPOT.pdf\"  target=\"_blank\"  >\n\n                        <div class=\"kpublicationall__singleDate kdate\">11 Dezember 2023<\/div>\n                        <h3 class=\"kpublicationall__singleTitle\">Den Sweet Spot f\u00fcr Sichtbarkeit Erreichen<\/h3>\n                        <div class=\"kpublicationall__singleRead\">\n                            <div>READ ALL<\/div>\n                            <img loading=\"lazy\" decoding=\"async\" loading=\"lazy\" width=\"15\" height=\"15\" src=\"https:\/\/acsisinc.com\/wp-content\/themes\/antares-vision\/assets\/images\/k-arrow-blu.svg\">\n                        <\/div>\n                    <\/a>\n                <\/div>\n            <\/div>\n        \n\n<\/div>\n<\/div>\n<\/div>\n<style>\n\n    .kpublicationall{margin-top: 50px;}\n    .kpublicationall h2{ font-size: 37px; margin-top: 0; margin-bottom: 0; color: #2D69A7;}\n    .kpublicationall__titleContRight a{display: flex; align-items: center; color: #2D69A7; font-weight: 600; text-decoration: none; margin-bottom: 10px;\n    margin-left: 82px;}\n    .kpublicationall__titleContRight img{margin-left: 20px;}\n    .kpublicationall__singleTitle{font-weight: 600; margin-top: 10px; margin-bottom: 0;}\n\n    .kpublicationall__single{background-color: #ffffff; padding: 10px 25px 25px 25px; width: calc(94% - 50px);margin-left: 3%;\n        margin-top: 0px;position: relative;border-radius: 25px 25px 0 0;}\n    .kpublicationall__single a{color: inherit; text-decoration: none; display: flex; flex-direction: column;}\n    .kpublicationall__singleDate{font-size: 18px;}\n    .kpublicationall__singleRead{display: flex;align-items: center;color: #2D69A7;font-size: 14px;font-weight: 600;margin-top: 20px;}\n    .kpublicationall__singleRead img{width: 13px; height: 13px; margin-left: 20px;}\n\n    .kpublicationall__singleCol{margin-bottom: 20px;}\n    .kpublicationall__singleColImgCont{position: relative; display: block; padding: 15px;}\n    .kpublicationall__singleCol .kpublicationall__singleCover{width: 100%; height: auto;}\n    .kpublicationall__singleLayer{position: absolute; z-index: 1; width: 100%; height: 100%; left: 0;\n        top: 0; background-color: rgba(45,105,167,0.1); border-radius: 20px 20px 0 0;}\n\n    \/* mobile *\/\n    @media screen and (max-width: 767px) {\n\n        .kpublicationall h2{ font-size: 26px;}\n    }\n\n    \/* ipad *\/\n    @media screen and (min-width: 768px) and  (max-width: 992px){\n        .kpublicationall h2{ font-size: 33px;}\n        .kpublicationall__titleContRight a{margin-left: 68px;}\n    }\n\n    \/* ipad pro *\/\n    @media screen and (min-width: 992px) and  (max-width: 1200px){\n        .kpublicationall h2{ font-size: 33px;}\n    }\n\n<\/style>\n","protected":false},"excerpt":{"rendered":"","protected":false},"author":1,"featured_media":0,"parent":0,"menu_order":0,"comment_status":"closed","ping_status":"closed","template":"customer-success-stories.php","meta":{"_acf_changed":false,"content-type":"","footnotes":""},"class_list":["post-13702","page","type-page","status-publish","hentry"],"acf":[],"yoast_head":"<!-- This site is optimized with the Yoast SEO plugin v27.3 - https:\/\/yoast.com\/product\/yoast-seo-wordpress\/ -->\n<title>Kundenerfolgsgeschichten - ACSIS | Supply Chain<\/title>\n<meta name=\"description\" content=\"In diesem Abschnitt finden Sie Erfolgsgeschichten unserer Kunden zu Themen wie: Chemische Lieferkette, Transparenz der Lieferkette, Lebensmittel ...\" \/>\n<meta name=\"robots\" content=\"index, follow, max-snippet:-1, max-image-preview:large, max-video-preview:-1\" \/>\n<link rel=\"canonical\" href=\"https:\/\/acsisinc.com\/de\/kundenerfolgsgeschichten\/\" \/>\n<meta property=\"og:locale\" content=\"de_DE\" \/>\n<meta property=\"og:type\" content=\"article\" \/>\n<meta property=\"og:title\" content=\"Kundenerfolgsgeschichten - ACSIS | Supply Chain\" \/>\n<meta property=\"og:description\" content=\"In diesem Abschnitt finden Sie Erfolgsgeschichten unserer Kunden zu Themen wie: Chemische Lieferkette, Transparenz der Lieferkette, Lebensmittel ...\" \/>\n<meta property=\"og:url\" content=\"https:\/\/acsisinc.com\/de\/kundenerfolgsgeschichten\/\" \/>\n<meta property=\"og:site_name\" content=\"ACSIS\" \/>\n<meta property=\"article:modified_time\" content=\"2024-06-06T14:41:47+00:00\" \/>\n<meta name=\"twitter:card\" content=\"summary_large_image\" \/>\n<script type=\"application\/ld+json\" class=\"yoast-schema-graph\">{\"@context\":\"https:\\\/\\\/schema.org\",\"@graph\":[{\"@type\":\"WebPage\",\"@id\":\"https:\\\/\\\/acsisinc.com\\\/de\\\/kundenerfolgsgeschichten\\\/\",\"url\":\"https:\\\/\\\/acsisinc.com\\\/de\\\/kundenerfolgsgeschichten\\\/\",\"name\":\"Kundenerfolgsgeschichten - ACSIS | Supply Chain\",\"isPartOf\":{\"@id\":\"https:\\\/\\\/acsisinc.com\\\/de\\\/#website\"},\"datePublished\":\"2023-12-12T01:41:54+00:00\",\"dateModified\":\"2024-06-06T14:41:47+00:00\",\"description\":\"In diesem Abschnitt finden Sie Erfolgsgeschichten unserer Kunden zu Themen wie: Chemische Lieferkette, Transparenz der Lieferkette, Lebensmittel ...\",\"inLanguage\":\"de\",\"potentialAction\":[{\"@type\":\"ReadAction\",\"target\":[\"https:\\\/\\\/acsisinc.com\\\/de\\\/kundenerfolgsgeschichten\\\/\"]}]},{\"@type\":\"WebSite\",\"@id\":\"https:\\\/\\\/acsisinc.com\\\/de\\\/#website\",\"url\":\"https:\\\/\\\/acsisinc.com\\\/de\\\/\",\"name\":\"ACSIS\",\"description\":\"\",\"potentialAction\":[{\"@type\":\"SearchAction\",\"target\":{\"@type\":\"EntryPoint\",\"urlTemplate\":\"https:\\\/\\\/acsisinc.com\\\/de\\\/?s={search_term_string}\"},\"query-input\":{\"@type\":\"PropertyValueSpecification\",\"valueRequired\":true,\"valueName\":\"search_term_string\"}}],\"inLanguage\":\"de\"}]}<\/script>\n<!-- \/ Yoast SEO plugin. -->","yoast_head_json":{"title":"Kundenerfolgsgeschichten - ACSIS | Supply Chain","description":"In diesem Abschnitt finden Sie Erfolgsgeschichten unserer Kunden zu Themen wie: Chemische Lieferkette, Transparenz der Lieferkette, Lebensmittel ...","robots":{"index":"index","follow":"follow","max-snippet":"max-snippet:-1","max-image-preview":"max-image-preview:large","max-video-preview":"max-video-preview:-1"},"canonical":"https:\/\/acsisinc.com\/de\/kundenerfolgsgeschichten\/","og_locale":"de_DE","og_type":"article","og_title":"Kundenerfolgsgeschichten - ACSIS | Supply Chain","og_description":"In diesem Abschnitt finden Sie Erfolgsgeschichten unserer Kunden zu Themen wie: Chemische Lieferkette, Transparenz der Lieferkette, Lebensmittel ...","og_url":"https:\/\/acsisinc.com\/de\/kundenerfolgsgeschichten\/","og_site_name":"ACSIS","article_modified_time":"2024-06-06T14:41:47+00:00","twitter_card":"summary_large_image","schema":{"@context":"https:\/\/schema.org","@graph":[{"@type":"WebPage","@id":"https:\/\/acsisinc.com\/de\/kundenerfolgsgeschichten\/","url":"https:\/\/acsisinc.com\/de\/kundenerfolgsgeschichten\/","name":"Kundenerfolgsgeschichten - ACSIS | Supply Chain","isPartOf":{"@id":"https:\/\/acsisinc.com\/de\/#website"},"datePublished":"2023-12-12T01:41:54+00:00","dateModified":"2024-06-06T14:41:47+00:00","description":"In diesem Abschnitt finden Sie Erfolgsgeschichten unserer Kunden zu Themen wie: Chemische Lieferkette, Transparenz der Lieferkette, Lebensmittel ...","inLanguage":"de","potentialAction":[{"@type":"ReadAction","target":["https:\/\/acsisinc.com\/de\/kundenerfolgsgeschichten\/"]}]},{"@type":"WebSite","@id":"https:\/\/acsisinc.com\/de\/#website","url":"https:\/\/acsisinc.com\/de\/","name":"ACSIS","description":"","potentialAction":[{"@type":"SearchAction","target":{"@type":"EntryPoint","urlTemplate":"https:\/\/acsisinc.com\/de\/?s={search_term_string}"},"query-input":{"@type":"PropertyValueSpecification","valueRequired":true,"valueName":"search_term_string"}}],"inLanguage":"de"}]}},"_links":{"self":[{"href":"https:\/\/acsisinc.com\/de\/wp-json\/wp\/v2\/pages\/13702","targetHints":{"allow":["GET"]}}],"collection":[{"href":"https:\/\/acsisinc.com\/de\/wp-json\/wp\/v2\/pages"}],"about":[{"href":"https:\/\/acsisinc.com\/de\/wp-json\/wp\/v2\/types\/page"}],"author":[{"embeddable":true,"href":"https:\/\/acsisinc.com\/de\/wp-json\/wp\/v2\/users\/1"}],"replies":[{"embeddable":true,"href":"https:\/\/acsisinc.com\/de\/wp-json\/wp\/v2\/comments?post=13702"}],"version-history":[{"count":0,"href":"https:\/\/acsisinc.com\/de\/wp-json\/wp\/v2\/pages\/13702\/revisions"}],"wp:attachment":[{"href":"https:\/\/acsisinc.com\/de\/wp-json\/wp\/v2\/media?parent=13702"}],"curies":[{"name":"wp","href":"https:\/\/api.w.org\/{rel}","templated":true}]}}