{"id":13530,"date":"2023-12-09T22:19:34","date_gmt":"2023-12-10T01:19:34","guid":{"rendered":"https:\/\/acsisinc.com\/team\/"},"modified":"2025-03-16T06:35:07","modified_gmt":"2025-03-16T09:35:07","slug":"team","status":"publish","type":"page","link":"https:\/\/acsisinc.com\/de\/team\/","title":{"rendered":"Team"},"content":{"rendered":"\n<div class=\"pure-containerFluid kheadergeneral\">\n    <div class=\"kheadergeneral__single\">\n        <div class=\"kheadergeneral__singleLeft\">\n            <div class=\"kheadergeneral__singleCont\">\n                <div class=\"kheadergeneral__singleLine\"><\/div>\n\n                                    <h2>Team<\/h2>\n                \n                            <\/div>\n        <\/div>\n        <div class=\"kheadergeneral__singleRight\">\n            <div class=\"kheadergeneral__singleRightMask\"><\/div>\n            <img loading=\"lazy\" decoding=\"async\" class=\"kheadergeneral__singleImgDesk\" loading=\"lazy\" width=\"1300\" height=\"336\" src=\"https:\/\/acsisinc.com\/wp-content\/uploads\/2023\/12\/team-desktop.webp\" alt=\"\">\n            <img loading=\"lazy\" decoding=\"async\" class=\"kheadergeneral__singleImgMob\" loading=\"lazy\" width=\"600\" height=\"400\" src=\"https:\/\/acsisinc.com\/wp-content\/uploads\/2023\/12\/team-mobile.webp\" alt=\"\">\n        <\/div>\n    <\/div>\n<\/div>\n\n<style>\n\n    .kheadergeneral__singleRightMask{position: absolute; left: -1px; top: -1px; width: calc(100% + 2px); height: calc(100% + 2px);\n        background: url(\"https:\/\/acsisinc.com\/wp-content\/themes\/antares-vision\/assets\/images\/Mask-hero-invertita-2.svg\"); background-repeat: no-repeat;\n        background-size: contain; }\n\n    .kheadergeneral{\/*max-width: 2000px; margin-left: auto; margin-right: auto;*\/}\n    .kheadergeneral__singleLine{height: 2px;width: 50%; background-color: #003865; margin-bottom: 20px;}\n    .kheadergeneral__single{display: flex; align-items: center;}\n    .kheadergeneral__singleLeft{width: 35%;}\n    .kheadergeneral__singleCont{max-width: 400px; margin-left: auto; margin-right: auto;}\n    .kheadergeneral__singleLeft h2{color: #003865; font-weight: 600; font-size: 37px; line-height: 1.1; text-transform: uppercase;}\n    .kheadergeneral__singleLeft a{display: flex;align-items: center;color: #003865;font-size: 15px;font-weight: 600;margin-top: 40px; text-decoration: none;}\n    .kheadergeneral__singleLeft svg{margin-left: 20px; margin-bottom: 2px;}\n    .kheadergeneral__singleLeft svg rect{fill: #003865; }\n    .kheadergeneral__singleRight{width: 65%; position: relative; display: flex; align-items: center;}\n    .kheadergeneral__single img{width: 100%; height: auto;}\n    .kheadergeneral__singleImgMob{display: none;}\n\n    \/* mobile *\/\n    @media screen and (max-width: 767px) {\n        .kheadergeneral__singleImgDesk{display: none;}\n        .kheadergeneral__singleImgMob{display: block;}\n        .kheadergeneral__single{flex-direction: column; margin-top: 30px;}\n        .kheadergeneral__singleLeft{width: calc(100% - 30px); padding-left: 15px; padding-right: 15px;}\n        .kheadergeneral__singleRight{width: 100%; margin-top: 30px;}\n        .kheadergeneral__singleLeft h2{font-size: 24px;}\n        .kheadergeneral__singleLeft a{margin-top: 15px;}\n\n        .kheadergeneral__singleRightMask{position: absolute; top: -1px; width: calc(100%); height: calc(100% + 2px);\n            background: url(\"https:\/\/acsisinc.com\/wp-content\/themes\/antares-vision\/assets\/images\/Mask-hero-invertita-general.svg\"); background-repeat: no-repeat;\n            background-size: contain;\n        }\n    }\n\n    \/* ipad *\/\n    @media screen and (min-width: 768px) and  (max-width: 992px){\n        .kheadergeneral__singleLeft{width: calc(45% - 15px); padding-left: 15px;}\n        .kheadergeneral__singleRight{width: 55%;}\n        .kheadergeneral__singleLeft h2{font-size: 26px;}\n        .kheadergeneral__singleLeft a{margin-top: 10px;}\n        .kheadergeneral__singleLeft h2{margin-bottom: 20px;}\n        .kheadergeneral__singleDesc{display: none;}\n    }\n\n    \/* ipad pro *\/\n    @media screen and (min-width: 992px) and  (max-width: 1200px){\n        .kheadergeneral__singleLeft{width: calc(45% - 15px); padding-left: 15px;}\n        .kheadergeneral__singleRight{width: 55%;}\n        .kheadergeneral__singleLeft h2{font-size: 30px;}\n        .kheadergeneral__singleLeft a{margin-top: 10px;}\n        .kheadergeneral__singleLeft h2{margin-bottom: 0;}\n    }\n\n<\/style>\n\n\n<div class=\"kbreadcrumb\" id=\"k_year\">\n    <div class=\"pure-container\">\n        <div class=\"pure-g\">\n            <div class=\"pure-u-1-1\">\n                <div class=\"breadcrumbs\"><a href=\"https:\/\/acsisinc.com\/de\/\">Home<\/a> | <\/div>            <\/div>\n        <\/div>\n    <\/div>\n<\/div>\n\n<style>\n\n    .kbreadcrumb{max-width: 1330px; margin-right: auto; margin-left: auto; font-size: 14px; color: #222222; padding-top: 15px; padding-bottom: 15px;\n        font-family: 'Exo', sans-serif;}\n    .kbreadcrumb a{color: inherit; text-decoration: none;}\n\n    \/* mobile *\/\n    @media screen and (max-width: 767px) {\n        .kbreadcrumb{padding-right: 15px; padding-left: 15px;}\n    }\n\n    \/* ipad *\/\n    @media screen and (min-width: 768px) and  (max-width: 992px){\n        .kbreadcrumb{padding-right: 15px; padding-left: 15px;}\n    }\n\n    \/* ipad pro *\/\n    @media screen and (min-width: 992px) and  (max-width: 1200px){\n        .kbreadcrumb{padding-right: 15px; padding-left: 15px;}\n    }\n\n<\/style>\n\n\n<div class=\"wp-block-columns pure-container content-center-auto padding-top is-layout-flex wp-container-core-columns-is-layout-9d6595d7 wp-block-columns-is-layout-flex\" id=\"Team-1\">\n<div class=\"wp-block-column is-layout-flow wp-block-column-is-layout-flow\">\n<div class=\"pure-containerFluid kicondesc\">\n    <div class=\"pure-container\">\n        <div class=\"pure-g\">\n                        <div class=\"pure-u-1-1 pure-u-md-8-24\">\n                                    <img loading=\"lazy\" decoding=\"async\" class=\"kicondescIcon kanimate\" data-animate=\"animFromLeft 0.8s forwards\" loading=\"lazy\" src=\"https:\/\/acsisinc.com\/wp-content\/uploads\/2023\/12\/0003_Jeremy-01.png\" width=\"180\" height=\"180\">\n                            <\/div>\n                        <div class=\"pure-u-1-1 pure-u-md-16-24 kanimate \" data-animate=\"animFromBottom 0.8s 0.2s forwards\">\n                                    <h2 class=\"\">Jeremy Coote<\/h2>\n                \n                                    <div class=\"kicondesc__desc\"><h4>Gesch\u00e4ftsf\u00fchrender Direktor<\/h4>\n<p>Jeremy Coote ist daf\u00fcr bekannt, dass er bei branchenf\u00fchrenden Unternehmen konkrete Ergebnisse erzielt hat. Er treibt Innovationen und Spitzenleistungen in allen Gesch\u00e4ftsbereichen voran, um die strategischen Ziele des Unternehmens zu erreichen.<\/p>\n<p>Jeremy ist daf\u00fcr bekannt, dass er bei branchenf\u00fchrenden Unternehmen Ergebnisse erzielt hat. Er treibt Innovationen und Spitzenleistungen in allen Gesch\u00e4ftsbereichen voran, um die strategischen Ziele des Unternehmens zu erreichen. Jeremy ist vor allem daf\u00fcr bekannt, Teams aufzubauen, klare Aktionspl\u00e4ne und Ziele zu entwerfen und eine Vision und Richtung f\u00fcr ein beschleunigtes Wachstum festzulegen. Er war ma\u00dfgeblich an der Gr\u00fcndung von SAP North America beteiligt und wurde schlie\u00dflich zum Pr\u00e4sidenten ernannt. Anschlie\u00dfend arbeitete er an der Erweiterung von Gesch\u00e4ftsm\u00f6glichkeiten bei Technologieunternehmen wie Manugistics (jetzt JDA), Chordiant Software und ICW.<\/p>\n<p>Von 2010 bis 2014 war Jeremy Mitglied des Vorstands von ACSIS.<\/p>\n<\/div>\n                            <\/div>\n        <\/div>\n    <\/div>\n<\/div>\n\n<style>\n\n    .kicondesc{margin-top: 50px; margin-bottom: 50px;}\n    .kicondescIcon{max-width: 200px; width: 100%; height: auto; display: flex;align-items: center;margin-left: auto;margin-right: auto;}\n    .kicondesc h2{font-weight: 400; color: rgb(45,105,167); font-size: 32px; line-height: 1.1;}\n    .kicondesc h2.mb-0{margin-bottom: 0!important;}\n    .kicondesc__desc{font-size: 16px;}\n    .kicondesc .kanimate{opacity: 0;}\n    .kicondesc__right{display: flex; flex-direction: column; justify-content: center;}\n\n    \/* mobile *\/\n    @media screen and (max-width: 767px) {\n\n    }\n\n    \/* ipad *\/\n    @media screen and (min-width: 768px) and  (max-width: 992px){\n\n    }\n\n    \/* ipad pro *\/\n    @media screen and (min-width: 992px) and  (max-width: 1200px){\n\n    }\n\n<\/style><\/div>\n\n\n\n<div class=\"wp-block-column is-layout-flow wp-block-column-is-layout-flow\">\n<div class=\"pure-containerFluid kicondesc\">\n    <div class=\"pure-container\">\n        <div class=\"pure-g\">\n                        <div class=\"pure-u-1-1 pure-u-md-8-24\">\n                                    <img loading=\"lazy\" decoding=\"async\" class=\"kicondescIcon kanimate\" data-animate=\"animFromLeft 0.8s forwards\" loading=\"lazy\" src=\"https:\/\/acsisinc.com\/wp-content\/uploads\/2023\/12\/0002_John-01.png\" width=\"180\" height=\"180\">\n                            <\/div>\n                        <div class=\"pure-u-1-1 pure-u-md-16-24 kanimate \" data-animate=\"animFromBottom 0.8s 0.2s forwards\">\n                                    <h2 class=\"\">John DiPalo<\/h2>\n                \n                                    <div class=\"kicondesc__desc\"><h4>Leiter der Strategieabteilung<\/h4>\n<p>John DiPalo wurde 2018 vom Supply Chain Executive Magazine zum &#8222;Pro to Know&#8220; ernannt, weil er die Supply-Chain-Community bei der Bew\u00e4ltigung der heutigen gesch\u00e4ftlichen Herausforderungen unterst\u00fctzt. Er leitet wichtige strategische Initiativen bei ACSIS und entwirft, entwickelt und implementiert L\u00f6sungen, um die Gesch\u00e4ftsziele unserer Kunden zu erreichen. In dieser Funktion arbeitet John regelm\u00e4\u00dfig mit Gesch\u00e4fts- und Branchenexperten zusammen, um Trends und M\u00f6glichkeiten zu identifizieren und neue Technologien in die ACSIS-Produkt-Roadmap aufzunehmen, damit unsere Kunden in einem wettbewerbsintensiven Markt erfolgreich sein k\u00f6nnen.<\/p>\n<p>John verf\u00fcgt \u00fcber mehr als 25 Jahre Erfahrung in der Implementierung von L\u00f6sungen in verschiedenen Technologieumgebungen. Bevor er zu ACSIS kam, leitete John die SAP-Beratungsteams bei Deloitte, IMI Systems und IntelliCorp.<\/p>\n<\/div>\n                            <\/div>\n        <\/div>\n    <\/div>\n<\/div>\n\n<style>\n\n    .kicondesc{margin-top: 50px; margin-bottom: 50px;}\n    .kicondescIcon{max-width: 200px; width: 100%; height: auto; display: flex;align-items: center;margin-left: auto;margin-right: auto;}\n    .kicondesc h2{font-weight: 400; color: rgb(45,105,167); font-size: 32px; line-height: 1.1;}\n    .kicondesc h2.mb-0{margin-bottom: 0!important;}\n    .kicondesc__desc{font-size: 16px;}\n    .kicondesc .kanimate{opacity: 0;}\n    .kicondesc__right{display: flex; flex-direction: column; justify-content: center;}\n\n    \/* mobile *\/\n    @media screen and (max-width: 767px) {\n\n    }\n\n    \/* ipad *\/\n    @media screen and (min-width: 768px) and  (max-width: 992px){\n\n    }\n\n    \/* ipad pro *\/\n    @media screen and (min-width: 992px) and  (max-width: 1200px){\n\n    }\n\n<\/style><\/div>\n<\/div>\n\n\n\n<div class=\"wp-block-columns pure-container content-center-auto is-layout-flex wp-container-core-columns-is-layout-9d6595d7 wp-block-columns-is-layout-flex\" id=\"Team-2\">\n<div class=\"wp-block-column is-layout-flow wp-block-column-is-layout-flow\">\n<div class=\"pure-containerFluid kicondesc\">\n    <div class=\"pure-container\">\n        <div class=\"pure-g\">\n                        <div class=\"pure-u-1-1 pure-u-md-8-24\">\n                                    <img loading=\"lazy\" decoding=\"async\" class=\"kicondescIcon kanimate\" data-animate=\"animFromLeft 0.8s forwards\" loading=\"lazy\" src=\"https:\/\/acsisinc.com\/wp-content\/uploads\/2023\/12\/0000_Steph-01.png\" width=\"180\" height=\"180\">\n                            <\/div>\n                        <div class=\"pure-u-1-1 pure-u-md-16-24 kanimate \" data-animate=\"animFromBottom 0.8s 0.2s forwards\">\n                                    <h2 class=\"\">Stephanie Seibel, CPA<\/h2>\n                \n                                    <div class=\"kicondesc__desc\"><h4>Leiterin der Finanzabteilung<\/h4>\n<p>Seit ihrem Eintritt in das Unternehmen im Jahr 2007 ist Stephanie Seibel ein wichtiges Mitglied des F\u00fchrungsteams und verantwortlich f\u00fcr alle Aspekte der Buchhaltung, der Finanzberichterstattung und der Einhaltung von Vorschriften. Durch die Einf\u00fchrung neuer und flexibler Ans\u00e4tze bei den Finanzprozessen hat sie die Planung und Prognose verbessert und dem Unternehmen geholfen, seinen Kunden ein h\u00f6heres Ma\u00df an Service und Zufriedenheit zu bieten.<\/p>\n<p>Bevor sie zu ACSIS kam, war Stephanie in leitender Position im Finanzbereich bei Safeguard Scientifics, Inc. (NYSE: SFE) t\u00e4tig, wo sie f\u00fcr die gesamte SEC-Finanzberichterstattung und das Management der Konsolidierung interner und externer Partnerunternehmen verantwortlich war.<\/p>\n<\/div>\n                            <\/div>\n        <\/div>\n    <\/div>\n<\/div>\n\n<style>\n\n    .kicondesc{margin-top: 50px; margin-bottom: 50px;}\n    .kicondescIcon{max-width: 200px; width: 100%; height: auto; display: flex;align-items: center;margin-left: auto;margin-right: auto;}\n    .kicondesc h2{font-weight: 400; color: rgb(45,105,167); font-size: 32px; line-height: 1.1;}\n    .kicondesc h2.mb-0{margin-bottom: 0!important;}\n    .kicondesc__desc{font-size: 16px;}\n    .kicondesc .kanimate{opacity: 0;}\n    .kicondesc__right{display: flex; flex-direction: column; justify-content: center;}\n\n    \/* mobile *\/\n    @media screen and (max-width: 767px) {\n\n    }\n\n    \/* ipad *\/\n    @media screen and (min-width: 768px) and  (max-width: 992px){\n\n    }\n\n    \/* ipad pro *\/\n    @media screen and (min-width: 992px) and  (max-width: 1200px){\n\n    }\n\n<\/style><\/div>\n\n\n\n<div class=\"wp-block-column is-layout-flow wp-block-column-is-layout-flow\">\n<div class=\"pure-containerFluid kicondesc\">\n    <div class=\"pure-container\">\n        <div class=\"pure-g\">\n                        <div class=\"pure-u-1-1 pure-u-md-8-24\">\n                                    <img loading=\"lazy\" decoding=\"async\" class=\"kicondescIcon kanimate\" data-animate=\"animFromLeft 0.8s forwards\" loading=\"lazy\" src=\"https:\/\/acsisinc.com\/wp-content\/uploads\/2023\/12\/0001_Twanna-01.png\" width=\"180\" height=\"180\">\n                            <\/div>\n                        <div class=\"pure-u-1-1 pure-u-md-16-24 kanimate \" data-animate=\"animFromBottom 0.8s 0.2s forwards\">\n                                    <h2 class=\"\">Twanna R. Jones<\/h2>\n                \n                                    <div class=\"kicondesc__desc\"><h4>Manager, Kundenbetreuung<\/h4>\n<p>Twanna hat mehr als 19 Jahre Erfahrung in der Unterst\u00fctzung von Kundenl\u00f6sungen f\u00fcr komplexe Datenerfassung und Systemintegration. Twanna analysiert kontinuierlich unsere Prozesse und Praktiken, um bessere M\u00f6glichkeiten zur Verbesserung der Abl\u00e4ufe zu finden, und mobilisiert die Ressourcen von ACSIS, um jedem Kunden einen hervorragenden Support und Service zu bieten, unabh\u00e4ngig davon, wie komplex seine Anforderungen sind.<\/p>\n<\/div>\n                            <\/div>\n        <\/div>\n    <\/div>\n<\/div>\n\n<style>\n\n    .kicondesc{margin-top: 50px; margin-bottom: 50px;}\n    .kicondescIcon{max-width: 200px; width: 100%; height: auto; display: flex;align-items: center;margin-left: auto;margin-right: auto;}\n    .kicondesc h2{font-weight: 400; color: rgb(45,105,167); font-size: 32px; line-height: 1.1;}\n    .kicondesc h2.mb-0{margin-bottom: 0!important;}\n    .kicondesc__desc{font-size: 16px;}\n    .kicondesc .kanimate{opacity: 0;}\n    .kicondesc__right{display: flex; flex-direction: column; justify-content: center;}\n\n    \/* mobile *\/\n    @media screen and (max-width: 767px) {\n\n    }\n\n    \/* ipad *\/\n    @media screen and (min-width: 768px) and  (max-width: 992px){\n\n    }\n\n    \/* ipad pro *\/\n    @media screen and (min-width: 992px) and  (max-width: 1200px){\n\n    }\n\n<\/style><\/div>\n<\/div>\n","protected":false},"excerpt":{"rendered":"","protected":false},"author":1,"featured_media":0,"parent":0,"menu_order":0,"comment_status":"closed","ping_status":"closed","template":"","meta":{"_acf_changed":false,"content-type":"","footnotes":""},"class_list":["post-13530","page","type-page","status-publish","hentry"],"acf":[],"yoast_head":"<!-- This site is optimized with the Yoast SEO plugin v27.3 - https:\/\/yoast.com\/product\/yoast-seo-wordpress\/ -->\n<title>Team ACSIS<\/title>\n<meta name=\"description\" content=\"Lernen Sie unser gro\u00dfartiges Team kennen: Jeremy Coote, Chief Executive Officer, John DiPalo, Head of Strategy, Stephanie Seibel, CPA.\" \/>\n<meta name=\"robots\" content=\"index, follow, max-snippet:-1, max-image-preview:large, max-video-preview:-1\" \/>\n<link rel=\"canonical\" href=\"https:\/\/acsisinc.com\/de\/team\/\" \/>\n<meta property=\"og:locale\" content=\"de_DE\" \/>\n<meta property=\"og:type\" content=\"article\" \/>\n<meta property=\"og:title\" content=\"Team ACSIS\" \/>\n<meta property=\"og:description\" content=\"Lernen Sie unser gro\u00dfartiges Team kennen: Jeremy Coote, Chief Executive Officer, John DiPalo, Head of Strategy, Stephanie Seibel, CPA.\" \/>\n<meta property=\"og:url\" content=\"https:\/\/acsisinc.com\/de\/team\/\" \/>\n<meta property=\"og:site_name\" content=\"ACSIS\" \/>\n<meta property=\"article:modified_time\" content=\"2025-03-16T09:35:07+00:00\" \/>\n<meta name=\"twitter:card\" content=\"summary_large_image\" \/>\n<script type=\"application\/ld+json\" class=\"yoast-schema-graph\">{\"@context\":\"https:\\\/\\\/schema.org\",\"@graph\":[{\"@type\":\"WebPage\",\"@id\":\"https:\\\/\\\/acsisinc.com\\\/de\\\/team\\\/\",\"url\":\"https:\\\/\\\/acsisinc.com\\\/de\\\/team\\\/\",\"name\":\"Team ACSIS\",\"isPartOf\":{\"@id\":\"https:\\\/\\\/acsisinc.com\\\/de\\\/#website\"},\"datePublished\":\"2023-12-10T01:19:34+00:00\",\"dateModified\":\"2025-03-16T09:35:07+00:00\",\"description\":\"Lernen Sie unser gro\u00dfartiges Team kennen: Jeremy Coote, Chief Executive Officer, John DiPalo, Head of Strategy, Stephanie Seibel, CPA.\",\"inLanguage\":\"de\",\"potentialAction\":[{\"@type\":\"ReadAction\",\"target\":[\"https:\\\/\\\/acsisinc.com\\\/de\\\/team\\\/\"]}]},{\"@type\":\"WebSite\",\"@id\":\"https:\\\/\\\/acsisinc.com\\\/de\\\/#website\",\"url\":\"https:\\\/\\\/acsisinc.com\\\/de\\\/\",\"name\":\"ACSIS\",\"description\":\"\",\"potentialAction\":[{\"@type\":\"SearchAction\",\"target\":{\"@type\":\"EntryPoint\",\"urlTemplate\":\"https:\\\/\\\/acsisinc.com\\\/de\\\/?s={search_term_string}\"},\"query-input\":{\"@type\":\"PropertyValueSpecification\",\"valueRequired\":true,\"valueName\":\"search_term_string\"}}],\"inLanguage\":\"de\"}]}<\/script>\n<!-- \/ Yoast SEO plugin. -->","yoast_head_json":{"title":"Team ACSIS","description":"Lernen Sie unser gro\u00dfartiges Team kennen: Jeremy Coote, Chief Executive Officer, John DiPalo, Head of Strategy, Stephanie Seibel, CPA.","robots":{"index":"index","follow":"follow","max-snippet":"max-snippet:-1","max-image-preview":"max-image-preview:large","max-video-preview":"max-video-preview:-1"},"canonical":"https:\/\/acsisinc.com\/de\/team\/","og_locale":"de_DE","og_type":"article","og_title":"Team ACSIS","og_description":"Lernen Sie unser gro\u00dfartiges Team kennen: Jeremy Coote, Chief Executive Officer, John DiPalo, Head of Strategy, Stephanie Seibel, CPA.","og_url":"https:\/\/acsisinc.com\/de\/team\/","og_site_name":"ACSIS","article_modified_time":"2025-03-16T09:35:07+00:00","twitter_card":"summary_large_image","schema":{"@context":"https:\/\/schema.org","@graph":[{"@type":"WebPage","@id":"https:\/\/acsisinc.com\/de\/team\/","url":"https:\/\/acsisinc.com\/de\/team\/","name":"Team ACSIS","isPartOf":{"@id":"https:\/\/acsisinc.com\/de\/#website"},"datePublished":"2023-12-10T01:19:34+00:00","dateModified":"2025-03-16T09:35:07+00:00","description":"Lernen Sie unser gro\u00dfartiges Team kennen: Jeremy Coote, Chief Executive Officer, John DiPalo, Head of Strategy, Stephanie Seibel, CPA.","inLanguage":"de","potentialAction":[{"@type":"ReadAction","target":["https:\/\/acsisinc.com\/de\/team\/"]}]},{"@type":"WebSite","@id":"https:\/\/acsisinc.com\/de\/#website","url":"https:\/\/acsisinc.com\/de\/","name":"ACSIS","description":"","potentialAction":[{"@type":"SearchAction","target":{"@type":"EntryPoint","urlTemplate":"https:\/\/acsisinc.com\/de\/?s={search_term_string}"},"query-input":{"@type":"PropertyValueSpecification","valueRequired":true,"valueName":"search_term_string"}}],"inLanguage":"de"}]}},"_links":{"self":[{"href":"https:\/\/acsisinc.com\/de\/wp-json\/wp\/v2\/pages\/13530","targetHints":{"allow":["GET"]}}],"collection":[{"href":"https:\/\/acsisinc.com\/de\/wp-json\/wp\/v2\/pages"}],"about":[{"href":"https:\/\/acsisinc.com\/de\/wp-json\/wp\/v2\/types\/page"}],"author":[{"embeddable":true,"href":"https:\/\/acsisinc.com\/de\/wp-json\/wp\/v2\/users\/1"}],"replies":[{"embeddable":true,"href":"https:\/\/acsisinc.com\/de\/wp-json\/wp\/v2\/comments?post=13530"}],"version-history":[{"count":0,"href":"https:\/\/acsisinc.com\/de\/wp-json\/wp\/v2\/pages\/13530\/revisions"}],"wp:attachment":[{"href":"https:\/\/acsisinc.com\/de\/wp-json\/wp\/v2\/media?parent=13530"}],"curies":[{"name":"wp","href":"https:\/\/api.w.org\/{rel}","templated":true}]}}